{"id":518,"date":"2021-05-11T13:27:22","date_gmt":"2021-05-11T13:27:22","guid":{"rendered":"https:\/\/fokkner.qodeinteractive.com\/?page_id=518"},"modified":"2024-01-27T21:19:03","modified_gmt":"2024-01-27T21:19:03","slug":"home","status":"publish","type":"page","link":"https:\/\/terracolles.com\/sl\/","title":{"rendered":"Domov"},"content":{"rendered":"<div data-elementor-type=\"wp-page\" data-elementor-id=\"518\" class=\"elementor elementor-518\">\n\t\t\t\t\t\t<section class=\"elementor-section elementor-top-section elementor-element elementor-element-128a606 elementor-section-full_width elementor-section-height-default elementor-section-height-default qodef-elementor-content-no\" data-id=\"128a606\" data-element_type=\"section\" data-settings=\"{&quot;background_background&quot;:&quot;classic&quot;}\">\n\t\t\t\t\t\t\t<div class=\"elementor-background-overlay\"><\/div>\n\t\t\t\t\t\t\t<div class=\"elementor-container elementor-column-gap-default\">\n\t\t\t\t\t<div class=\"elementor-column elementor-col-100 elementor-top-column elementor-element elementor-element-386645a\" data-id=\"386645a\" data-element_type=\"column\">\n\t\t\t<div class=\"elementor-widget-wrap elementor-element-populated\">\n\t\t\t\t\t\t<div class=\"elementor-element elementor-element-37a0404 elementor-widget elementor-widget-slider_revolution\" data-id=\"37a0404\" data-element_type=\"widget\" data-widget_type=\"slider_revolution.default\">\n\t\t\t\t<div class=\"elementor-widget-container\">\n\t\t\t\r\n\t\t<div class=\"wp-block-themepunch-revslider\">\n\t\t\t<!-- START LeftMenuHome REVOLUTION SLIDER 6.6.14 --><p class=\"rs-p-wp-fix\"><\/p>\n\t\t\t<rs-module-wrap id=\"rev_slider_7_1_wrapper\" data-source=\"gallery\" style=\"visibility:hidden;background:transparent;padding:0;\">\n\t\t\t\t<rs-module id=\"rev_slider_7_1\" style=\"\" data-version=\"6.6.14\">\n\t\t\t\t\t<rs-slides style=\"overflow: hidden; position: absolute;\">\n\t\t\t\t\t\t<rs-slide style=\"position: absolute;\" data-key=\"rs-7\" data-title=\"Slide\" data-in=\"o:0;\" data-out=\"a:false;\">\n\t\t\t\t\t\t\t<img fetchpriority=\"high\" decoding=\"async\" src=\"\/\/terracolles.com\/wp-content\/plugins\/revslider\/public\/assets\/assets\/dummy.png\" alt=\"\" title=\"E1\" width=\"1500\" height=\"844\" class=\"rev-slidebg tp-rs-img rs-lazyload\" data-lazyload=\"\/\/terracolles.com\/wp-content\/uploads\/2023\/11\/E1.jpg\" data-no-retina>\n<!--\n\t\t\t\t\t\t\t--><rs-layer\n\t\t\t\t\t\t\t\tid=\"slider-7-slide-7-layer-1\" \n\t\t\t\t\t\t\t\tdata-type=\"text\"\n\t\t\t\t\t\t\t\tdata-xy=\"x:c;xo:136px,132px,0,0;y:m;yo:180px,85px,155px,130px;\"\n\t\t\t\t\t\t\t\tdata-text=\"w:normal;s:38;l:46;ls:2,3px,3px,3px;fw:700;a:center;\"\n\t\t\t\t\t\t\t\tdata-dim=\"w:975px;\"\n\t\t\t\t\t\t\t\tdata-basealign=\"slide\"\n\t\t\t\t\t\t\t\tdata-rsp_o=\"off\"\n\t\t\t\t\t\t\t\tdata-rsp_bd=\"off\"\n\t\t\t\t\t\t\t\tdata-frame_0=\"y:82px;\"\n\t\t\t\t\t\t\t\tdata-frame_1=\"st:400;sp:1000;\"\n\t\t\t\t\t\t\t\tdata-frame_999=\"o:0;st:w;\"\n\t\t\t\t\t\t\t\tstyle=\"z-index:6;font-family:'Roboto';text-transform:uppercase;\"\n\t\t\t\t\t\t\t>your <br \/>\nprestegious<br \/>\nresidence \n\t\t\t\t\t\t\t<\/rs-layer><!--\n-->\t\t\t\t\t\t<\/rs-slide>\n\t\t\t\t\t<\/rs-slides>\n\t\t\t\t<\/rs-module>\n\t\t\t\t<script>\n\t\t\t\t\tsetREVStartSize({c: 'rev_slider_7_1',rl:[1240,1024,778,480],el:[1100,645,800,660],gw:[1300,1100,600,300],gh:[1100,645,800,660],type:'hero',justify:'',layout:'fullscreen',offsetContainer:'',offset:'',mh:\"0\"});if (window.RS_MODULES!==undefined && window.RS_MODULES.modules!==undefined && window.RS_MODULES.modules[\"revslider71\"]!==undefined) {window.RS_MODULES.modules[\"revslider71\"].once = false;window.revapi7 = undefined;if (window.RS_MODULES.checkMinimal!==undefined) window.RS_MODULES.checkMinimal()}\n\t\t\t\t<\/script>\n\t\t\t<\/rs-module-wrap>\n\t\t\t<!-- END REVOLUTION SLIDER -->\n<\/div>\r\n\r\n\t\t\t\t<\/div>\n\t\t\t\t<\/div>\n\t\t\t\t\t<\/div>\n\t\t<\/div>\n\t\t\t\t\t<\/div>\n\t\t<\/section>\n\t\t\t\t<section class=\"elementor-section elementor-top-section elementor-element elementor-element-58cffe2 qodef-elementor-content-grid elementor-section-boxed elementor-section-height-default elementor-section-height-default\" data-id=\"58cffe2\" data-element_type=\"section\">\n\t\t\t\t\t\t<div class=\"elementor-container elementor-column-gap-default\">\n\t\t\t\t\t<div class=\"elementor-column elementor-col-25 elementor-top-column elementor-element elementor-element-bdee10f\" data-id=\"bdee10f\" data-element_type=\"column\">\n\t\t\t<div class=\"elementor-widget-wrap elementor-element-populated\">\n\t\t\t\t\t\t<div class=\"elementor-element elementor-element-f04c378 elementor-widget__width-initial elementor-widget-tablet__width-inherit elementor-widget elementor-widget-fokkner_core_icon_with_text\" data-id=\"f04c378\" data-element_type=\"widget\" data-widget_type=\"fokkner_core_icon_with_text.default\">\n\t\t\t\t<div class=\"elementor-widget-container\">\n\t\t\t<div class=\"qodef-shortcode qodef-m  qodef-icon-with-text qodef-layout--top qodef--icon-pack qodef-alignment--left\">\n\t<div class=\"qodef-m-icon-wrapper\">\n\t\t<span class=\"qodef-shortcode qodef-m  qodef-icon-holder qodef-size--default qodef-layout--normal\"  >\t\t\t<span class=\"qodef-icon-dripicons dripicons-home qodef-icon qodef-e\" style=\"font-size: 48px\" ><\/span>\t<\/span>\t<\/div>\n\t<div class=\"qodef-m-content\">\n\t\t\t<h5 class=\"qodef-m-title\" style=\"margin-top: 31px\">\n\t\t\t\t\t<span class=\"qodef-m-title-text\">Presti\u017e<\/span>\n\t\t\t<\/h5>\n\t\t\t<p class=\"qodef-m-text\" >Terracolles je blagovna znamka, ki pooseblja trajnostni presti\u017e.<\/p>\n\t<\/div>\n<\/div>\n\t\t<\/div>\n\t\t\t\t<\/div>\n\t\t\t\t\t<\/div>\n\t\t<\/div>\n\t\t\t\t<div class=\"elementor-column elementor-col-25 elementor-top-column elementor-element elementor-element-9081bc1\" data-id=\"9081bc1\" data-element_type=\"column\">\n\t\t\t<div class=\"elementor-widget-wrap elementor-element-populated\">\n\t\t\t\t\t\t<div class=\"elementor-element elementor-element-f9b5c90 elementor-widget__width-initial elementor-widget-tablet__width-inherit elementor-widget elementor-widget-fokkner_core_icon_with_text\" data-id=\"f9b5c90\" data-element_type=\"widget\" data-widget_type=\"fokkner_core_icon_with_text.default\">\n\t\t\t\t<div class=\"elementor-widget-container\">\n\t\t\t<div class=\"qodef-shortcode qodef-m  qodef-icon-with-text qodef-layout--top qodef--icon-pack qodef-alignment--left\">\n\t<div class=\"qodef-m-icon-wrapper\">\n\t\t<span class=\"qodef-shortcode qodef-m  qodef-icon-holder qodef-size--default qodef-layout--normal\"  >\t\t\t<span class=\"qodef-icon-material-icons landscape qodef-icon qodef-e material-icons\" style=\"font-size: 48px\" >landscape<\/span>\t<\/span>\t<\/div>\n\t<div class=\"qodef-m-content\">\n\t\t\t<h5 class=\"qodef-m-title\" style=\"margin-top: 31px\">\n\t\t\t\t\t<span class=\"qodef-m-title-text\">Naravni materiali<\/span>\n\t\t\t<\/h5>\n\t\t\t<p class=\"qodef-m-text\" >Uporaba naravnih materialov, kot sta les in kamen. <\/p>\n\t<\/div>\n<\/div>\n\t\t<\/div>\n\t\t\t\t<\/div>\n\t\t\t\t\t<\/div>\n\t\t<\/div>\n\t\t\t\t<div class=\"elementor-column elementor-col-25 elementor-top-column elementor-element elementor-element-7462a80\" data-id=\"7462a80\" data-element_type=\"column\">\n\t\t\t<div class=\"elementor-widget-wrap elementor-element-populated\">\n\t\t\t\t\t\t<div class=\"elementor-element elementor-element-086d2ec elementor-widget__width-initial elementor-widget-tablet__width-inherit elementor-widget elementor-widget-fokkner_core_icon_with_text\" data-id=\"086d2ec\" data-element_type=\"widget\" data-widget_type=\"fokkner_core_icon_with_text.default\">\n\t\t\t\t<div class=\"elementor-widget-container\">\n\t\t\t<div class=\"qodef-shortcode qodef-m  qodef-icon-with-text qodef-layout--top qodef--icon-pack qodef-alignment--left\">\n\t<div class=\"qodef-m-icon-wrapper\">\n\t\t<span class=\"qodef-shortcode qodef-m  qodef-icon-holder qodef-size--default qodef-layout--normal\"  >\t\t\t<span class=\"qodef-icon-property-icons qodef-property-tree qodef-icon qodef-e\" style=\"font-size: 48px\" ><\/span>\t<\/span>\t<\/div>\n\t<div class=\"qodef-m-content\">\n\t\t\t<h5 class=\"qodef-m-title\" style=\"margin-top: 31px\">\n\t\t\t\t\t<span class=\"qodef-m-title-text\">Vpliv na okolje<\/span>\n\t\t\t<\/h5>\n\t\t\t<p class=\"qodef-m-text\" >Materiali se neopazno zlijejo z okolico in obenem imajo tudi manj\u0161i vpliv na okolje.<\/p>\n\t<\/div>\n<\/div>\n\t\t<\/div>\n\t\t\t\t<\/div>\n\t\t\t\t\t<\/div>\n\t\t<\/div>\n\t\t\t\t<div class=\"elementor-column elementor-col-25 elementor-top-column elementor-element elementor-element-ec38045\" data-id=\"ec38045\" data-element_type=\"column\">\n\t\t\t<div class=\"elementor-widget-wrap elementor-element-populated\">\n\t\t\t\t\t\t<div class=\"elementor-element elementor-element-b19bc6e elementor-widget__width-initial elementor-widget-tablet__width-inherit elementor-widget elementor-widget-fokkner_core_icon_with_text\" data-id=\"b19bc6e\" data-element_type=\"widget\" data-widget_type=\"fokkner_core_icon_with_text.default\">\n\t\t\t\t<div class=\"elementor-widget-container\">\n\t\t\t<div class=\"qodef-shortcode qodef-m  qodef-icon-with-text qodef-layout--top qodef--icon-pack qodef-alignment--left\">\n\t<div class=\"qodef-m-icon-wrapper\">\n\t\t<span class=\"qodef-shortcode qodef-m  qodef-icon-holder qodef-size--default qodef-layout--normal\"  >\t\t\t<span class=\"qodef-icon-property-icons qodef-property-sketch qodef-icon qodef-e\" style=\"font-size: 48px\" ><\/span>\t<\/span>\t<\/div>\n\t<div class=\"qodef-m-content\">\n\t\t\t<h5 class=\"qodef-m-title\" style=\"margin-top: 31px\">\n\t\t\t\t\t<span class=\"qodef-m-title-text\">Moderna arhitektura<\/span>\n\t\t\t<\/h5>\n\t\t\t<p class=\"qodef-m-text\" >Moderna arhitektura zajema \u010diste linije in poudarja preprostost ter minimalizem.<\/p>\n\t<\/div>\n<\/div>\n\t\t<\/div>\n\t\t\t\t<\/div>\n\t\t\t\t\t<\/div>\n\t\t<\/div>\n\t\t\t\t\t<\/div>\n\t\t<\/section>\n\t\t\t\t<section class=\"elementor-section elementor-top-section elementor-element elementor-element-8a6ba5f elementor-section-full_width elementor-section-height-default elementor-section-height-default qodef-elementor-content-no\" data-id=\"8a6ba5f\" data-element_type=\"section\">\n\t\t\t\t\t\t<div class=\"elementor-container elementor-column-gap-default\">\n\t\t\t\t\t<div class=\"elementor-column elementor-col-100 elementor-top-column elementor-element elementor-element-94565cf\" data-id=\"94565cf\" data-element_type=\"column\">\n\t\t\t<div class=\"elementor-widget-wrap elementor-element-populated\">\n\t\t\t\t\t\t<div class=\"elementor-element elementor-element-aae10fd elementor-widget elementor-widget-fokkner_core_video_button\" data-id=\"aae10fd\" data-element_type=\"widget\" data-widget_type=\"fokkner_core_video_button.default\">\n\t\t\t\t<div class=\"elementor-widget-container\">\n\t\t\t<div class=\"qodef-shortcode qodef-m  qodef-video-button qodef--has-img\">\n\t\t<div class=\"qodef-m-image\">\n\t\t<img decoding=\"async\" width=\"1400\" height=\"788\" src=\"https:\/\/terracolles.com\/wp-content\/uploads\/2023\/11\/terracolles-index2.png\" class=\"attachment-full size-full\" alt=\"\" srcset=\"https:\/\/terracolles.com\/wp-content\/uploads\/2023\/11\/terracolles-index2.png 1400w, https:\/\/terracolles.com\/wp-content\/uploads\/2023\/11\/terracolles-index2-600x338.png 600w, https:\/\/terracolles.com\/wp-content\/uploads\/2023\/11\/terracolles-index2-300x169.png 300w, https:\/\/terracolles.com\/wp-content\/uploads\/2023\/11\/terracolles-index2-1024x576.png 1024w, https:\/\/terracolles.com\/wp-content\/uploads\/2023\/11\/terracolles-index2-768x432.png 768w\" sizes=\"(max-width: 1400px) 100vw, 1400px\" \/>\t<\/div>\n\t\t<a itemprop=\"url\" class=\"qodef-m-play qodef-magnific-popup qodef-popup-item\" style=\"font-size: 78px\" href=\"https:\/\/www.youtube.com\/watch?v=z23cNFY_fgs\" data-type=\"iframe\">\n\t\t<span class=\"qodef-m-play-inner\">\n\t\t\t<svg xmlns=\"http:\/\/www.w3.org\/2000\/svg\" xmlns:xlink=\"http:\/\/www.w3.org\/1999\/xlink\" x=\"0px\" y=\"0px\" width=\"11\" height=\"12\"  viewbox=\"0 0 11 12\" style=\"enable-background:new 0 0 11 12;\" xml:space=\"preserve\">\n\t\t\t\t<polygon points=\"0,12 0,0 11,6 \"\/>\n\t\t\t<\/svg>\n\t\t<\/span>\n\t<\/a>\n<\/div>\n\t\t<\/div>\n\t\t\t\t<\/div>\n\t\t\t\t\t<\/div>\n\t\t<\/div>\n\t\t\t\t\t<\/div>\n\t\t<\/section>\n\t\t\t\t<section class=\"elementor-section elementor-top-section elementor-element elementor-element-fb0697f qodef-elementor-content-grid elementor-section-boxed elementor-section-height-default elementor-section-height-default\" data-id=\"fb0697f\" data-element_type=\"section\">\n\t\t\t\t\t\t<div class=\"elementor-container elementor-column-gap-default\">\n\t\t\t\t\t<div class=\"elementor-column elementor-col-100 elementor-top-column elementor-element elementor-element-470034b\" data-id=\"470034b\" data-element_type=\"column\">\n\t\t\t<div class=\"elementor-widget-wrap\">\n\t\t\t\t\t\t\t<\/div>\n\t\t<\/div>\n\t\t\t\t\t<\/div>\n\t\t<\/section>\n\t\t\t\t<section class=\"elementor-section elementor-top-section elementor-element elementor-element-8393aa6 qodef-elementor-content-grid elementor-section-boxed elementor-section-height-default elementor-section-height-default\" data-id=\"8393aa6\" data-element_type=\"section\" data-settings=\"{&quot;background_background&quot;:&quot;classic&quot;}\">\n\t\t\t\t\t\t<div class=\"elementor-container elementor-column-gap-default\">\n\t\t\t\t\t<div class=\"elementor-column elementor-col-100 elementor-top-column elementor-element elementor-element-de27dd5\" data-id=\"de27dd5\" data-element_type=\"column\">\n\t\t\t<div class=\"elementor-widget-wrap elementor-element-populated\">\n\t\t\t\t\t\t<div class=\"elementor-element elementor-element-1e0fc86 elementor-widget__width-initial elementor-widget-tablet__width-inherit elementor-widget elementor-widget-fokkner_core_section_title\" data-id=\"1e0fc86\" data-element_type=\"widget\" data-widget_type=\"fokkner_core_section_title.default\">\n\t\t\t\t<div class=\"elementor-widget-container\">\n\t\t\t<div class=\"qodef-shortcode qodef-m  qodef-section-title qodef-alignment--left\">\n\t\t<h3 class=\"qodef-m-title\" >\n\t\t\t\t\tI\u0161\u010dete novo presti\u017eno rezidenco?\t\t\t<\/h3>\n\t\t\t<p class=\"qodef-m-text\" style=\"margin-top: -10px\">Vabimo vas, da nam zaupate svoje edinstvene \u017eelje. Z na\u0161o strokovno ekipo va\u0161e sanje spremenimo v resni\u010dnost in oblikujemo presti\u017ene rezidence, ki iz\u017earevajo luksuz, stil in udobje. Za\u010dnite svojo pot proti presti\u017eni rezidenci \u0161e danes.<\/p>\n<\/div>\n\t\t<\/div>\n\t\t\t\t<\/div>\n\t\t\t\t<div class=\"elementor-element elementor-element-a50e8ab elementor-widget__width-initial elementor-widget-tablet__width-inherit elementor-widget elementor-widget-fokkner_core_button\" data-id=\"a50e8ab\" data-element_type=\"widget\" data-widget_type=\"fokkner_core_button.default\">\n\t\t\t\t<div class=\"elementor-widget-container\">\n\t\t\t<a class=\"qodef-shortcode qodef-m  qodef-button qodef-layout--outlined   qodef-html--link\" href=\"mailto: info@terracolles.com\" target=\"_self\"  >\n\t<span class=\"qodef-m-text\">Po\u0161ljite nam sporo\u010dilo!<\/span>\n<\/a>\n\t\t<\/div>\n\t\t\t\t<\/div>\n\t\t\t\t\t<\/div>\n\t\t<\/div>\n\t\t\t\t\t<\/div>\n\t\t<\/section>\n\t\t<div class=\"elementor-element elementor-element-2ead8cd e-flex e-con-boxed e-con e-parent\" data-id=\"2ead8cd\" data-element_type=\"container\">\n\t\t\t\t\t<div class=\"e-con-inner\">\n\t\t\t\t\t<\/div>\n\t\t\t\t<\/div>\n\t\t\t\t<\/div>","protected":false},"excerpt":{"rendered":"<p>Prestige Terracolles is a brand that embodies sustainable prestige. landscape Natural materials Use of natural materials such as wood and stone. Environment impact Materials blend in seamlessly with their surroundings, and also have a smaller impact on the environment. Modern architecture Modern architecture embraces clean lines and emphasizes simplicity, and minimalism. Looking for a new [&hellip;]<\/p>","protected":false},"author":1,"featured_media":0,"parent":0,"menu_order":0,"comment_status":"closed","ping_status":"closed","template":"elementor_header_footer","meta":{"footnotes":""},"class_list":["post-518","page","type-page","status-publish","hentry"],"_links":{"self":[{"href":"https:\/\/terracolles.com\/sl\/wp-json\/wp\/v2\/pages\/518","targetHints":{"allow":["GET"]}}],"collection":[{"href":"https:\/\/terracolles.com\/sl\/wp-json\/wp\/v2\/pages"}],"about":[{"href":"https:\/\/terracolles.com\/sl\/wp-json\/wp\/v2\/types\/page"}],"author":[{"embeddable":true,"href":"https:\/\/terracolles.com\/sl\/wp-json\/wp\/v2\/users\/1"}],"replies":[{"embeddable":true,"href":"https:\/\/terracolles.com\/sl\/wp-json\/wp\/v2\/comments?post=518"}],"version-history":[{"count":58,"href":"https:\/\/terracolles.com\/sl\/wp-json\/wp\/v2\/pages\/518\/revisions"}],"predecessor-version":[{"id":5622,"href":"https:\/\/terracolles.com\/sl\/wp-json\/wp\/v2\/pages\/518\/revisions\/5622"}],"wp:attachment":[{"href":"https:\/\/terracolles.com\/sl\/wp-json\/wp\/v2\/media?parent=518"}],"curies":[{"name":"wp","href":"https:\/\/api.w.org\/{rel}","templated":true}]}}