{"id":1776,"date":"2021-05-17T07:25:21","date_gmt":"2021-05-17T07:25:21","guid":{"rendered":"https:\/\/fokkner.qodeinteractive.com\/?page_id=1776"},"modified":"2023-11-07T23:08:29","modified_gmt":"2023-11-07T23:08:29","slug":"about-us","status":"publish","type":"page","link":"https:\/\/terracolles.com\/sl\/about-us\/","title":{"rendered":"O podjetju"},"content":{"rendered":"<div data-elementor-type=\"wp-page\" data-elementor-id=\"1776\" class=\"elementor elementor-1776\">\n\t\t\t\t\t\t<section class=\"elementor-section elementor-top-section elementor-element elementor-element-5c80fd8 elementor-section-full_width elementor-section-height-default elementor-section-height-default qodef-elementor-content-no\" data-id=\"5c80fd8\" data-element_type=\"section\">\n\t\t\t\t\t\t<div class=\"elementor-container elementor-column-gap-default\">\n\t\t\t\t\t<div class=\"elementor-column elementor-col-100 elementor-top-column elementor-element elementor-element-653faaa\" data-id=\"653faaa\" data-element_type=\"column\" data-settings=\"{&quot;background_background&quot;:&quot;classic&quot;}\">\n\t\t\t<div class=\"elementor-widget-wrap elementor-element-populated\">\n\t\t\t\t\t\t<div class=\"elementor-element elementor-element-5986729 elementor-widget elementor-widget-fokkner_core_custom_font\" data-id=\"5986729\" data-element_type=\"widget\" data-widget_type=\"fokkner_core_custom_font.default\">\n\t\t\t\t<div class=\"elementor-widget-container\">\n\t\t\t<h1 class=\"qodef-shortcode qodef-m  qodef-custom-font qodef-custom-font-847 qodef-layout--simple\" style=\"font-size: 104px\">O Terracolles<\/h1>\n\t\t<\/div>\n\t\t\t\t<\/div>\n\t\t\t\t\t<\/div>\n\t\t<\/div>\n\t\t\t\t\t<\/div>\n\t\t<\/section>\n\t\t\t\t<section class=\"elementor-section elementor-top-section elementor-element elementor-element-dc1aead elementor-section-full_width qodef-elementor-content-grid elementor-section-height-default elementor-section-height-default\" data-id=\"dc1aead\" data-element_type=\"section\">\n\t\t\t\t\t\t<div class=\"elementor-container elementor-column-gap-default\">\n\t\t\t\t\t<div class=\"elementor-column elementor-col-100 elementor-top-column elementor-element elementor-element-cc98c12\" data-id=\"cc98c12\" data-element_type=\"column\">\n\t\t\t<div class=\"elementor-widget-wrap elementor-element-populated\">\n\t\t\t\t\t\t<div class=\"elementor-element elementor-element-5908513 elementor-widget__width-initial elementor-widget elementor-widget-text-editor\" data-id=\"5908513\" data-element_type=\"widget\" data-widget_type=\"text-editor.default\">\n\t\t\t\t<div class=\"elementor-widget-container\">\n\t\t\t<style>\/*! elementor - v3.23.0 - 05-08-2024 *\/\n.elementor-widget-text-editor.elementor-drop-cap-view-stacked .elementor-drop-cap{background-color:#69727d;color:#fff}.elementor-widget-text-editor.elementor-drop-cap-view-framed .elementor-drop-cap{color:#69727d;border:3px solid;background-color:transparent}.elementor-widget-text-editor:not(.elementor-drop-cap-view-default) .elementor-drop-cap{margin-top:8px}.elementor-widget-text-editor:not(.elementor-drop-cap-view-default) .elementor-drop-cap-letter{width:1em;height:1em}.elementor-widget-text-editor .elementor-drop-cap{float:left;text-align:center;line-height:1;font-size:50px}.elementor-widget-text-editor .elementor-drop-cap-letter{display:inline-block}<\/style>\t\t\t\t<p>Terracolles je blagovna znamka, ki pooseblja trajnostni presti\u017e. Ponosni smo na na\u0161o predanost presti\u017eu in trajnostnim re\u0161itvam. Vsaka rezidenca je dokaz na\u0161e predanosti izjemni kakovosti in izbiri vrhunskih, trajnostnih materialov. Z najbolj\u0161imi materiali in veliko pozornostjo do podrobnosti vam zagotavljamo najbolj\u0161o izku\u0161njo tako doma kot na po\u010ditnicah. Od skrbno izbranih naravnih gradnikov do najsodobnej\u0161ih dodatkov je vsaka rezidenca zasnovano tako, da ustvarja presti\u017e bivanja.<\/p>\t\t\t\t\t\t<\/div>\n\t\t\t\t<\/div>\n\t\t\t\t\t<\/div>\n\t\t<\/div>\n\t\t\t\t\t<\/div>\n\t\t<\/section>\n\t\t\t\t<\/div>","protected":false},"excerpt":{"rendered":"<p>About Terracolles Terracolles is a brand that embodies sustainable prestige. We are proud of our commitment to prestige and sustainable solutions. Each residence is a testament to our dedication to exceptional quality and the choice of high-end, sustainable materials. With the best materials and great attention to detail, we guarantee you the best experience both [&hellip;]<\/p>","protected":false},"author":1,"featured_media":0,"parent":0,"menu_order":0,"comment_status":"closed","ping_status":"closed","template":"page-full-width.php","meta":{"footnotes":""},"class_list":["post-1776","page","type-page","status-publish","hentry"],"_links":{"self":[{"href":"https:\/\/terracolles.com\/sl\/wp-json\/wp\/v2\/pages\/1776","targetHints":{"allow":["GET"]}}],"collection":[{"href":"https:\/\/terracolles.com\/sl\/wp-json\/wp\/v2\/pages"}],"about":[{"href":"https:\/\/terracolles.com\/sl\/wp-json\/wp\/v2\/types\/page"}],"author":[{"embeddable":true,"href":"https:\/\/terracolles.com\/sl\/wp-json\/wp\/v2\/users\/1"}],"replies":[{"embeddable":true,"href":"https:\/\/terracolles.com\/sl\/wp-json\/wp\/v2\/comments?post=1776"}],"version-history":[{"count":16,"href":"https:\/\/terracolles.com\/sl\/wp-json\/wp\/v2\/pages\/1776\/revisions"}],"predecessor-version":[{"id":5564,"href":"https:\/\/terracolles.com\/sl\/wp-json\/wp\/v2\/pages\/1776\/revisions\/5564"}],"wp:attachment":[{"href":"https:\/\/terracolles.com\/sl\/wp-json\/wp\/v2\/media?parent=1776"}],"curies":[{"name":"wp","href":"https:\/\/api.w.org\/{rel}","templated":true}]}}